{"id":82,"date":"2025-10-22T05:19:08","date_gmt":"2025-10-22T05:19:08","guid":{"rendered":"https:\/\/xn--slktforskartdig-1kb0a.se\/?page_id=82"},"modified":"2025-11-19T20:58:57","modified_gmt":"2025-11-19T20:58:57","slug":"tjanster-priser","status":"publish","type":"page","link":"https:\/\/xn--slktforskartdig-1kb0a.se\/index.php\/tjanster-priser\/","title":{"rendered":"Tj\u00e4nster &amp; priser"},"content":{"rendered":"\n<p><br><strong>Kontakta mig<\/strong> <strong>p\u00e5<\/strong>: slaktforskaratdig@gmail.com<\/p>\n\n\n\n<figure class=\"wp-block-table\"><table class=\"has-fixed-layout\"><thead><tr><th>Antal generationer<\/th><th>Antal personer<\/th><th>Pris<\/th><th>Inneh\u00e5ll<\/th><\/tr><\/thead><tbody><tr><td>1 generation bak\u00e5t<\/td><td>2 personer<\/td><td>200 kr<\/td><td>sl\u00e4kttr\u00e4d + ansedel<\/td><\/tr><tr><td>2 generationer bak\u00e5t<\/td><td>6 personer<\/td><td>600 kr<\/td><td>Sl\u00e4kttr\u00e4d + ansedel<\/td><\/tr><tr><td>3 generationer bak\u00e5t<\/td><td>14 personer<\/td><td>1400 kr<\/td><td>Sl\u00e4kttr\u00e4d + ansedel<\/td><\/tr><tr><td>4 generationer bak\u00e5t<\/td><td>30 personer<\/td><td>3000 kr<\/td><td>Sl\u00e4kttr\u00e4d + ansedel<\/td><\/tr><tr><td>5 generationer bak\u00e5t<\/td><td>62 personer<\/td><td>6200 kr<\/td><td>Sl\u00e4kttr\u00e4d + ansedel<\/td><\/tr><\/tbody><\/table><\/figure>\n\n\n\n<p><br>Jag tar normalt inte betalt f\u00f6r information om personen som sl\u00e4ktforskningen utg\u00e5r fr\u00e5n, den s\u00e5 kallade probanden, s\u00e5vida det inte kr\u00e4ver extra tid av mig. Vi kan diskutera pris utifall probanden inte \u00e4r du sj\u00e4lv.<\/p>\n\n\n\n<p><strong>I paketet ing\u00e5r en ansedel och ett ifyllt sl\u00e4kttr\u00e4d<\/strong><br><a href=\"https:\/\/xn--slktforskartdig-1kb0a.se\/wp-content\/uploads\/2025\/10\/Exempel-pa-ansedel-1.pdf\">S\u00e5 h\u00e4r kan en ansedel se ut<\/a><br><br><strong>Exempel p\u00e5 mallar f\u00f6r sl\u00e4kttr\u00e4d: <\/strong><\/p>\n\n\n\n<figure class=\"wp-block-gallery has-nested-images columns-default is-cropped wp-block-gallery-1 is-layout-flex wp-block-gallery-is-layout-flex\">\n<figure class=\"wp-block-image size-large\"><img loading=\"lazy\" decoding=\"async\" width=\"1024\" height=\"729\" data-id=\"226\" src=\"https:\/\/xn--slktforskartdig-1kb0a.se\/wp-content\/uploads\/2025\/11\/Liggande-mall-for-slakttrad-1024x729.png\" alt=\"\" class=\"wp-image-226\" srcset=\"https:\/\/xn--slktforskartdig-1kb0a.se\/wp-content\/uploads\/2025\/11\/Liggande-mall-for-slakttrad-1024x729.png 1024w, https:\/\/xn--slktforskartdig-1kb0a.se\/wp-content\/uploads\/2025\/11\/Liggande-mall-for-slakttrad-300x213.png 300w, https:\/\/xn--slktforskartdig-1kb0a.se\/wp-content\/uploads\/2025\/11\/Liggande-mall-for-slakttrad-768x546.png 768w, https:\/\/xn--slktforskartdig-1kb0a.se\/wp-content\/uploads\/2025\/11\/Liggande-mall-for-slakttrad-1536x1093.png 1536w, https:\/\/xn--slktforskartdig-1kb0a.se\/wp-content\/uploads\/2025\/11\/Liggande-mall-for-slakttrad-2048x1457.png 2048w, https:\/\/xn--slktforskartdig-1kb0a.se\/wp-content\/uploads\/2025\/11\/Liggande-mall-for-slakttrad-624x444.png 624w\" sizes=\"auto, (max-width: 1024px) 100vw, 1024px\" \/><\/figure>\n<\/figure>\n\n\n\n<figure class=\"wp-block-image size-large\"><img loading=\"lazy\" decoding=\"async\" width=\"1018\" height=\"1024\" src=\"https:\/\/xn--slktforskartdig-1kb0a.se\/wp-content\/uploads\/2025\/11\/Ny-staende-mall-for-slakttrad-3-1018x1024.png\" alt=\"\" class=\"wp-image-232\" srcset=\"https:\/\/xn--slktforskartdig-1kb0a.se\/wp-content\/uploads\/2025\/11\/Ny-staende-mall-for-slakttrad-3-1018x1024.png 1018w, https:\/\/xn--slktforskartdig-1kb0a.se\/wp-content\/uploads\/2025\/11\/Ny-staende-mall-for-slakttrad-3-298x300.png 298w, https:\/\/xn--slktforskartdig-1kb0a.se\/wp-content\/uploads\/2025\/11\/Ny-staende-mall-for-slakttrad-3-150x150.png 150w, https:\/\/xn--slktforskartdig-1kb0a.se\/wp-content\/uploads\/2025\/11\/Ny-staende-mall-for-slakttrad-3-768x773.png 768w, https:\/\/xn--slktforskartdig-1kb0a.se\/wp-content\/uploads\/2025\/11\/Ny-staende-mall-for-slakttrad-3-1527x1536.png 1527w, https:\/\/xn--slktforskartdig-1kb0a.se\/wp-content\/uploads\/2025\/11\/Ny-staende-mall-for-slakttrad-3-2036x2048.png 2036w, https:\/\/xn--slktforskartdig-1kb0a.se\/wp-content\/uploads\/2025\/11\/Ny-staende-mall-for-slakttrad-3-624x628.png 624w\" sizes=\"auto, (max-width: 1018px) 100vw, 1018px\" \/><\/figure>\n\n\n\n<p><br><\/p>\n\n\n\n<p><br><br><\/p>\n\n\n\n<p><br><br><\/p>\n","protected":false},"excerpt":{"rendered":"<p>Kontakta mig p\u00e5: slaktforskaratdig@gmail.com Antal generationer Antal personer Pris Inneh\u00e5ll 1 generation bak\u00e5t 2 personer 200 kr sl\u00e4kttr\u00e4d + ansedel 2 generationer bak\u00e5t 6 personer 600 kr Sl\u00e4kttr\u00e4d + ansedel 3 generationer bak\u00e5t 14 personer 1400 kr Sl\u00e4kttr\u00e4d + ansedel 4 generationer bak\u00e5t 30 personer 3000 kr Sl\u00e4kttr\u00e4d + ansedel 5 generationer bak\u00e5t 62 personer [&hellip;]<\/p>\n","protected":false},"author":1,"featured_media":0,"parent":0,"menu_order":0,"comment_status":"closed","ping_status":"closed","template":"","meta":{"footnotes":""},"class_list":["post-82","page","type-page","status-publish","hentry"],"_links":{"self":[{"href":"https:\/\/xn--slktforskartdig-1kb0a.se\/index.php\/wp-json\/wp\/v2\/pages\/82","targetHints":{"allow":["GET"]}}],"collection":[{"href":"https:\/\/xn--slktforskartdig-1kb0a.se\/index.php\/wp-json\/wp\/v2\/pages"}],"about":[{"href":"https:\/\/xn--slktforskartdig-1kb0a.se\/index.php\/wp-json\/wp\/v2\/types\/page"}],"author":[{"embeddable":true,"href":"https:\/\/xn--slktforskartdig-1kb0a.se\/index.php\/wp-json\/wp\/v2\/users\/1"}],"replies":[{"embeddable":true,"href":"https:\/\/xn--slktforskartdig-1kb0a.se\/index.php\/wp-json\/wp\/v2\/comments?post=82"}],"version-history":[{"count":29,"href":"https:\/\/xn--slktforskartdig-1kb0a.se\/index.php\/wp-json\/wp\/v2\/pages\/82\/revisions"}],"predecessor-version":[{"id":233,"href":"https:\/\/xn--slktforskartdig-1kb0a.se\/index.php\/wp-json\/wp\/v2\/pages\/82\/revisions\/233"}],"wp:attachment":[{"href":"https:\/\/xn--slktforskartdig-1kb0a.se\/index.php\/wp-json\/wp\/v2\/media?parent=82"}],"curies":[{"name":"wp","href":"https:\/\/api.w.org\/{rel}","templated":true}]}}