{"id":85,"date":"2025-10-22T05:22:13","date_gmt":"2025-10-22T05:22:13","guid":{"rendered":"https:\/\/xn--slktforskartdig-1kb0a.se\/?page_id=85"},"modified":"2025-10-23T04:23:41","modified_gmt":"2025-10-23T04:23:41","slug":"sa-gar-det-till","status":"publish","type":"page","link":"https:\/\/xn--slktforskartdig-1kb0a.se\/index.php\/sa-gar-det-till\/","title":{"rendered":"S\u00e5 g\u00e5r det till"},"content":{"rendered":"\n<p><strong>1. Du kontaktar mig<\/strong><br>Best\u00e4llningen g\u00f6rs genom att du mejlar mig p\u00e5 slaktforskaratdig@gmail.com<br>&#8211; Skriv hur m\u00e5nga och vilka anor\/generationer du vill kartl\u00e4gga. \u00c4r det alla anor i en hel generation eller en specifik gren bak\u00e5t eller syskon? <br>&#8211; Skriv vem sl\u00e4ktforskningen ska utg\u00e5 fr\u00e5n (probanden). \u00c4r det du sj\u00e4lv? <br>&#8211; Skriv probandens namn, f\u00f6delsedatum och f\u00f6delsef\u00f6rsamling\/f\u00f6delseort. <br><br><strong>2. Jag g\u00f6r en bed\u00f6mning<\/strong><br>Jag bekr\u00e4ftar mejlet och \u00e5terkommer sen med en ungef\u00e4rlig tids\u00e5tg\u00e5ng, pris och n\u00e4r jag kan b\u00f6rja.<br><br><strong>3.<\/strong> <strong>Du bekr\u00e4ftar best\u00e4llningen<\/strong><br>Du svarar sen p\u00e5 mejlet om du bekr\u00e4ftar best\u00e4llningen. Om allt \u00e4r gr\u00f6nt s\u00e5 startar jag. <br><br><strong>4. Jag forskar<\/strong><br>Jag anv\u00e4nder <strong>ArkivDigital<\/strong> d\u00e4r Sveriges kyrkob\u00f6cker och andra historiska dokument finns bevarade i digital form. Det betyder att varje uppgift kommer direkt fr\u00e5n prim\u00e4rk\u00e4llor, inte fr\u00e5n andrahandsregister eller sl\u00e4kttr\u00e4d p\u00e5 n\u00e4tet. Har du sl\u00e4kt fr\u00e5n Danmark anv\u00e4nder jag danska kyrkb\u00f6cker i <strong>Arkivalieronline\/rigsarkivet.dk.<\/strong> <br><br>Den svenska forskningen bygger p\u00e5 offentliga och historiska k\u00e4llor (fram till ca 1950-talet). Uppgifter om levande personer anv\u00e4nds endast med samtycke. I vissa fall saknas uppgifter i arkiven, till exempel n\u00e4r kyrkb\u00f6cker brunnit. Om jag st\u00f6ter p\u00e5 s\u00e5dana hinder, kontaktar jag dig och vi best\u00e4mmer tillsammans om forskningen ska avslutas d\u00e4r eller om jag ska f\u00f6rs\u00f6ka hitta v\u00e4gar runt problemet. Du betalar bara f\u00f6r det arbete som faktiskt utf\u00f6rts. Har du fr\u00e5gor under tiden \u00e4r det bara att mejla, s\u00e5 svarar jag p\u00e5 dem. <br><br><strong>5<\/strong>. <strong>Jag sammanst\u00e4ller resultatet<\/strong><br>Du f\u00e5r ett tydligt sl\u00e4kttr\u00e4d och en ansedel i PDF-format via e-post.<\/p>\n\n\n\n<p><strong>Tids\u00e5tg\u00e5ng<br><\/strong>Ett normalt uppdrag (3\u20135 generationer) tar vanligtvis <strong>2\u20134 veckor<\/strong> beroende p\u00e5 omfattning och k\u00e4llmaterial. Du betalar f\u00f6rst n\u00e4r arbetet \u00e4r slutf\u00f6rt. <br><br><strong>N\u00e4r du f\u00e5r ditt material kan du:<br><\/strong>&#8211; Bygga vidare med nya generationer n\u00e4r du vill.<br>&#8211; Ladda ner och spara filerna digitalt.<br>&#8211; Skriva ut dem och s\u00e4tta i en p\u00e4rm.<\/p>\n\n\n\n<figure class=\"wp-block-image size-large is-resized\"><img loading=\"lazy\" decoding=\"async\" width=\"1024\" height=\"561\" src=\"https:\/\/xn--slktforskartdig-1kb0a.se\/wp-content\/uploads\/2025\/10\/Skarmbild-140-1024x561.png\" alt=\"\" class=\"wp-image-165\" style=\"width:630px;height:auto\" srcset=\"https:\/\/xn--slktforskartdig-1kb0a.se\/wp-content\/uploads\/2025\/10\/Skarmbild-140-1024x561.png 1024w, https:\/\/xn--slktforskartdig-1kb0a.se\/wp-content\/uploads\/2025\/10\/Skarmbild-140-300x164.png 300w, https:\/\/xn--slktforskartdig-1kb0a.se\/wp-content\/uploads\/2025\/10\/Skarmbild-140-768x420.png 768w, https:\/\/xn--slktforskartdig-1kb0a.se\/wp-content\/uploads\/2025\/10\/Skarmbild-140-1536x841.png 1536w, https:\/\/xn--slktforskartdig-1kb0a.se\/wp-content\/uploads\/2025\/10\/Skarmbild-140-624x342.png 624w, https:\/\/xn--slktforskartdig-1kb0a.se\/wp-content\/uploads\/2025\/10\/Skarmbild-140.png 2020w\" sizes=\"auto, (max-width: 1024px) 100vw, 1024px\" \/><\/figure>\n\n\n\n<p><em>Ofta f\u00e5r man l\u00e4sa gammal handstil i kyrkb\u00f6ckerna. ArkivDigital<\/em><br><br><br><br><br><strong><br><\/strong><br><br><br><br><br><br><br><\/p>\n","protected":false},"excerpt":{"rendered":"<p>1. Du kontaktar migBest\u00e4llningen g\u00f6rs genom att du mejlar mig p\u00e5 slaktforskaratdig@gmail.com&#8211; Skriv hur m\u00e5nga och vilka anor\/generationer du vill kartl\u00e4gga. \u00c4r det alla anor i en hel generation eller en specifik gren bak\u00e5t eller syskon? &#8211; Skriv vem sl\u00e4ktforskningen ska utg\u00e5 fr\u00e5n (probanden). \u00c4r det du sj\u00e4lv? &#8211; Skriv probandens namn, f\u00f6delsedatum och f\u00f6delsef\u00f6rsamling\/f\u00f6delseort. [&hellip;]<\/p>\n","protected":false},"author":1,"featured_media":0,"parent":0,"menu_order":0,"comment_status":"closed","ping_status":"closed","template":"","meta":{"footnotes":""},"class_list":["post-85","page","type-page","status-publish","hentry"],"_links":{"self":[{"href":"https:\/\/xn--slktforskartdig-1kb0a.se\/index.php\/wp-json\/wp\/v2\/pages\/85","targetHints":{"allow":["GET"]}}],"collection":[{"href":"https:\/\/xn--slktforskartdig-1kb0a.se\/index.php\/wp-json\/wp\/v2\/pages"}],"about":[{"href":"https:\/\/xn--slktforskartdig-1kb0a.se\/index.php\/wp-json\/wp\/v2\/types\/page"}],"author":[{"embeddable":true,"href":"https:\/\/xn--slktforskartdig-1kb0a.se\/index.php\/wp-json\/wp\/v2\/users\/1"}],"replies":[{"embeddable":true,"href":"https:\/\/xn--slktforskartdig-1kb0a.se\/index.php\/wp-json\/wp\/v2\/comments?post=85"}],"version-history":[{"count":18,"href":"https:\/\/xn--slktforskartdig-1kb0a.se\/index.php\/wp-json\/wp\/v2\/pages\/85\/revisions"}],"predecessor-version":[{"id":221,"href":"https:\/\/xn--slktforskartdig-1kb0a.se\/index.php\/wp-json\/wp\/v2\/pages\/85\/revisions\/221"}],"wp:attachment":[{"href":"https:\/\/xn--slktforskartdig-1kb0a.se\/index.php\/wp-json\/wp\/v2\/media?parent=85"}],"curies":[{"name":"wp","href":"https:\/\/api.w.org\/{rel}","templated":true}]}}