{"id":88,"date":"2025-10-22T05:25:56","date_gmt":"2025-10-22T05:25:56","guid":{"rendered":"https:\/\/xn--slktforskartdig-1kb0a.se\/?page_id=88"},"modified":"2025-10-23T16:42:56","modified_gmt":"2025-10-23T16:42:56","slug":"om-mig-kontakt","status":"publish","type":"page","link":"https:\/\/xn--slktforskartdig-1kb0a.se\/index.php\/om-mig-kontakt\/","title":{"rendered":"Kontakt &amp; Om mig"},"content":{"rendered":"\n<figure class=\"wp-block-image size-full is-resized\"><img loading=\"lazy\" decoding=\"async\" width=\"960\" height=\"960\" src=\"https:\/\/xn--slktforskartdig-1kb0a.se\/wp-content\/uploads\/2025\/10\/Profilbild-1.jpg\" alt=\"\" class=\"wp-image-223\" style=\"width:254px;height:auto\" srcset=\"https:\/\/xn--slktforskartdig-1kb0a.se\/wp-content\/uploads\/2025\/10\/Profilbild-1.jpg 960w, https:\/\/xn--slktforskartdig-1kb0a.se\/wp-content\/uploads\/2025\/10\/Profilbild-1-300x300.jpg 300w, https:\/\/xn--slktforskartdig-1kb0a.se\/wp-content\/uploads\/2025\/10\/Profilbild-1-150x150.jpg 150w, https:\/\/xn--slktforskartdig-1kb0a.se\/wp-content\/uploads\/2025\/10\/Profilbild-1-768x768.jpg 768w, https:\/\/xn--slktforskartdig-1kb0a.se\/wp-content\/uploads\/2025\/10\/Profilbild-1-624x624.jpg 624w\" sizes=\"auto, (max-width: 960px) 100vw, 960px\" \/><\/figure>\n\n\n\n<div class=\"wp-block-group is-nowrap is-layout-flex wp-container-core-group-is-layout-ad2f72ca wp-block-group-is-layout-flex\">\n<p>Fredrik Carlsson<br>Ullerudsbacken 65<br>123 73 Farsta<br><br><strong>Kontakta mig<\/strong> <strong>p\u00e5<\/strong>: slaktforskaratdig@gmail.com<br><br><strong>Om verksamheten <\/strong><br>Sl\u00e4ktforskningen bedrivs som hobbyverksamhet vid sidan av mitt ordinarie arbete.<br>Jag \u00e4r inte momsregistrerad, vilket inneb\u00e4r att priserna \u00e4r slutpriser utan moms. <br><br><strong>Erfarenhet som sl\u00e4ktforskare<br><\/strong>Det b\u00f6rjade 2009 som ett intresse f\u00f6r min egen sl\u00e4kt som kommer b\u00e5de fr\u00e5n S\u00f6rmland och Danmark. Jag fick l\u00e4ra mig att s\u00f6ka i b\u00e5de svenska och danska kyrkb\u00f6cker. F\u00f6rst blev det sl\u00e4kttr\u00e4d och med tiden b\u00f6rjade jag skriva ner mina anors liv i biografier och det blev \u00e4ven en sl\u00e4ktbok som \u00f6versattes till engelska och danska. <\/p>\n<\/div>\n\n\n\n<h2 class=\"wp-block-heading\">Sl\u00e4ktboken jag skapade<\/h2>\n\n\n\n<div class=\"wp-block-group is-nowrap is-layout-flex wp-container-core-group-is-layout-ad2f72ca wp-block-group-is-layout-flex\">\n<figure class=\"wp-block-gallery has-nested-images columns-default is-cropped wp-block-gallery-1 is-layout-flex wp-block-gallery-is-layout-flex\">\n<figure class=\"wp-block-image size-large\"><img loading=\"lazy\" decoding=\"async\" width=\"1024\" height=\"768\" data-id=\"166\" src=\"https:\/\/xn--slktforskartdig-1kb0a.se\/wp-content\/uploads\/2025\/10\/thumbnail_IMG_2764-1024x768.jpg\" alt=\"\" class=\"wp-image-166\" srcset=\"https:\/\/xn--slktforskartdig-1kb0a.se\/wp-content\/uploads\/2025\/10\/thumbnail_IMG_2764-1024x768.jpg 1024w, https:\/\/xn--slktforskartdig-1kb0a.se\/wp-content\/uploads\/2025\/10\/thumbnail_IMG_2764-300x225.jpg 300w, https:\/\/xn--slktforskartdig-1kb0a.se\/wp-content\/uploads\/2025\/10\/thumbnail_IMG_2764-768x576.jpg 768w, https:\/\/xn--slktforskartdig-1kb0a.se\/wp-content\/uploads\/2025\/10\/thumbnail_IMG_2764-1536x1152.jpg 1536w, https:\/\/xn--slktforskartdig-1kb0a.se\/wp-content\/uploads\/2025\/10\/thumbnail_IMG_2764-624x468.jpg 624w, https:\/\/xn--slktforskartdig-1kb0a.se\/wp-content\/uploads\/2025\/10\/thumbnail_IMG_2764.jpg 1920w\" sizes=\"auto, (max-width: 1024px) 100vw, 1024px\" \/><\/figure>\n\n\n\n<figure class=\"wp-block-image size-large\"><img loading=\"lazy\" decoding=\"async\" width=\"1024\" height=\"768\" data-id=\"168\" src=\"https:\/\/xn--slktforskartdig-1kb0a.se\/wp-content\/uploads\/2025\/10\/thumbnail_IMG_2766-1024x768.jpg\" alt=\"\" class=\"wp-image-168\" srcset=\"https:\/\/xn--slktforskartdig-1kb0a.se\/wp-content\/uploads\/2025\/10\/thumbnail_IMG_2766-1024x768.jpg 1024w, https:\/\/xn--slktforskartdig-1kb0a.se\/wp-content\/uploads\/2025\/10\/thumbnail_IMG_2766-300x225.jpg 300w, https:\/\/xn--slktforskartdig-1kb0a.se\/wp-content\/uploads\/2025\/10\/thumbnail_IMG_2766-768x576.jpg 768w, https:\/\/xn--slktforskartdig-1kb0a.se\/wp-content\/uploads\/2025\/10\/thumbnail_IMG_2766-1536x1152.jpg 1536w, https:\/\/xn--slktforskartdig-1kb0a.se\/wp-content\/uploads\/2025\/10\/thumbnail_IMG_2766-624x468.jpg 624w, https:\/\/xn--slktforskartdig-1kb0a.se\/wp-content\/uploads\/2025\/10\/thumbnail_IMG_2766.jpg 1920w\" sizes=\"auto, (max-width: 1024px) 100vw, 1024px\" \/><\/figure>\n<\/figure>\n\n\n\n<p><br><\/p>\n<\/div>\n\n\n\n<p><\/p>\n","protected":false},"excerpt":{"rendered":"<p>Fredrik CarlssonUllerudsbacken 65123 73 Farsta Kontakta mig p\u00e5: slaktforskaratdig@gmail.com Om verksamheten Sl\u00e4ktforskningen bedrivs som hobbyverksamhet vid sidan av mitt ordinarie arbete.Jag \u00e4r inte momsregistrerad, vilket inneb\u00e4r att priserna \u00e4r slutpriser utan moms. Erfarenhet som sl\u00e4ktforskareDet b\u00f6rjade 2009 som ett intresse f\u00f6r min egen sl\u00e4kt som kommer b\u00e5de fr\u00e5n S\u00f6rmland och Danmark. Jag fick l\u00e4ra mig [&hellip;]<\/p>\n","protected":false},"author":1,"featured_media":0,"parent":0,"menu_order":0,"comment_status":"closed","ping_status":"closed","template":"","meta":{"footnotes":""},"class_list":["post-88","page","type-page","status-publish","hentry"],"_links":{"self":[{"href":"https:\/\/xn--slktforskartdig-1kb0a.se\/index.php\/wp-json\/wp\/v2\/pages\/88","targetHints":{"allow":["GET"]}}],"collection":[{"href":"https:\/\/xn--slktforskartdig-1kb0a.se\/index.php\/wp-json\/wp\/v2\/pages"}],"about":[{"href":"https:\/\/xn--slktforskartdig-1kb0a.se\/index.php\/wp-json\/wp\/v2\/types\/page"}],"author":[{"embeddable":true,"href":"https:\/\/xn--slktforskartdig-1kb0a.se\/index.php\/wp-json\/wp\/v2\/users\/1"}],"replies":[{"embeddable":true,"href":"https:\/\/xn--slktforskartdig-1kb0a.se\/index.php\/wp-json\/wp\/v2\/comments?post=88"}],"version-history":[{"count":22,"href":"https:\/\/xn--slktforskartdig-1kb0a.se\/index.php\/wp-json\/wp\/v2\/pages\/88\/revisions"}],"predecessor-version":[{"id":224,"href":"https:\/\/xn--slktforskartdig-1kb0a.se\/index.php\/wp-json\/wp\/v2\/pages\/88\/revisions\/224"}],"wp:attachment":[{"href":"https:\/\/xn--slktforskartdig-1kb0a.se\/index.php\/wp-json\/wp\/v2\/media?parent=88"}],"curies":[{"name":"wp","href":"https:\/\/api.w.org\/{rel}","templated":true}]}}